{"id":30,"date":"2024-01-15T10:21:59","date_gmt":"2024-01-15T10:21:59","guid":{"rendered":"https:\/\/treasure-tourism.com\/?page_id=30"},"modified":"2024-01-15T10:22:41","modified_gmt":"2024-01-15T10:22:41","slug":"contact","status":"publish","type":"page","link":"https:\/\/treasure-tourism.com\/es\/contact\/","title":{"rendered":"p\u00f3ngase en contacto con"},"content":{"rendered":"<div class=\"wpcf7 no-js\" id=\"wpcf7-f26-o1\" lang=\"ja\" dir=\"ltr\">\n<div class=\"screen-reader-response\"><p role=\"status\" aria-live=\"polite\" aria-atomic=\"true\"><\/p> <ul><\/ul><\/div>\n<form action=\"\/es\/wp-json\/wp\/v2\/pages\/30#wpcf7-f26-o1\" method=\"post\" class=\"wpcf7-form init\" aria-label=\"formulario de contacto\" novalidate=\"novalidate\" data-status=\"init\" data-trp-original-action=\"\/es\/wp-json\/wp\/v2\/pages\/30#wpcf7-f26-o1\">\n<div style=\"display: none;\">\n<input type=\"hidden\" name=\"_wpcf7\" value=\"26\" \/>\n<input type=\"hidden\" name=\"_wpcf7_version\" value=\"5.9.3\" \/>\n<input type=\"hidden\" name=\"_wpcf7_locale\" value=\"ja\" \/>\n<input type=\"hidden\" name=\"_wpcf7_unit_tag\" value=\"wpcf7-f26-o1\" \/>\n<input type=\"hidden\" name=\"_wpcf7_container_post\" value=\"0\" \/>\n<input type=\"hidden\" name=\"_wpcf7_posted_data_hash\" value=\"\" \/>\n<input type=\"hidden\" name=\"_wpcf7_recaptcha_response\" value=\"\" \/>\n<\/div>\n<p><label>Nombre de la empresa<br \/>\n<span class=\"wpcf7-form-control-wrap\" data-name=\"text-150\"><input size=\"40\" class=\"wpcf7-form-control wpcf7-text\" aria-invalid=\"false\" value=\"\" type=\"text\" name=\"text-150\" \/><\/span><\/label><br \/>\n<label>Nombre<br \/>\n<span class=\"wpcf7-form-control-wrap\" data-name=\"your-name\"><input size=\"40\" class=\"wpcf7-form-control wpcf7-text wpcf7-validates-as-required\" autocomplete=\"name\" aria-required=\"true\" aria-invalid=\"false\" value=\"\" type=\"text\" name=\"your-name\" \/><\/span> <\/label>\n<\/p>\n<p><label>Direcci\u00f3n de correo electr\u00f3nico<br \/>\n<span class=\"wpcf7-form-control-wrap\" data-name=\"your-email\"><input size=\"40\" class=\"wpcf7-form-control wpcf7-email wpcf7-validates-as-required wpcf7-text wpcf7-validates-as-email\" autocomplete=\"email\" aria-required=\"true\" aria-invalid=\"false\" value=\"\" type=\"email\" name=\"your-email\" \/><\/span> <\/label>\n<\/p>\n<p><label>N\u00famero de tel\u00e9fono<br \/>\n<span class=\"wpcf7-form-control-wrap\" data-name=\"tel-850\"><input size=\"40\" class=\"wpcf7-form-control wpcf7-tel wpcf7-validates-as-required wpcf7-text wpcf7-validates-as-tel\" aria-required=\"true\" aria-invalid=\"false\" value=\"\" type=\"tel\" name=\"tel-850\" \/><\/span><\/label>\n<\/p>\n<p><label>Asunto<br \/>\n<span class=\"wpcf7-form-control-wrap\" data-name=\"your-subject\"><input size=\"40\" class=\"wpcf7-form-control wpcf7-text wpcf7-validates-as-required\" aria-required=\"true\" aria-invalid=\"false\" value=\"\" type=\"text\" name=\"your-subject\" \/><\/span> <\/label>\n<\/p>\n<p><label>Consulta<br \/>\n<span class=\"wpcf7-form-control-wrap\" data-name=\"your-message\"><textarea cols=\"40\" rows=\"10\" class=\"wpcf7-form-control wpcf7-textarea\" aria-invalid=\"false\" name=\"your-message\"><\/textarea><\/span> <\/label>\n<\/p>\n<div class=\"privacy\">\n\t<h2>Pol\u00edtica de privacidad\n\t<\/h2>\n\t<div class=\"privacy_scroot_inner\">\n\t\t<div class=\"privacy_desc\">\n\t\t\t<p>Treasure Tourism Ltd (en lo sucesivo, \"la Empresa\") ha establecido la siguiente pol\u00edtica de privacidad, ha creado un sistema de protecci\u00f3n de la informaci\u00f3n personal y promueve la protecci\u00f3n de la informaci\u00f3n personal garantizando que se reconozca y se aborde la importancia de la protecci\u00f3n de la informaci\u00f3n personal.\n\t\t\t<\/p>\n\t\t<\/div>\n\t\t<dl>\n\t\t\t<dt>\n\t\t\t\t<p>Gesti\u00f3n de datos personales\n\t\t\t\t<\/p>\n\t\t\t<\/dt>\n\t\t\t<dd>\n\t\t\t\t<p>La informaci\u00f3n personal recibida de los clientes se utilizar\u00e1 para enviar correos electr\u00f3nicos y materiales a los clientes con el fin de que la empresa se ponga en contacto con ellos y responda a sus consultas o preguntas comerciales. Prohibici\u00f3n de divulgaci\u00f3n y suministro de informaci\u00f3n personal a terceros<br \/>\nLa Empresa gestionar\u00e1 adecuadamente la informaci\u00f3n personal recibida de los clientes y no revelar\u00e1 informaci\u00f3n personal a terceros, excepto en uno de los siguientes casos\n\t\t\t\t<\/p>\n\t\t\t<\/dd>\n\t\t<\/dl>\n\t\t<dl>\n\t\t\t<dt>\n\t\t\t\t<p>Medidas de seguridad de los datos personales\n\t\t\t\t<\/p>\n\t\t\t<\/dt>\n\t\t\t<dd>\n\t\t\t\t<p>La Empresa toma todas las medidas de seguridad posibles para garantizar la exactitud y seguridad de la informaci\u00f3n personal.\n\t\t\t\t<\/p>\n\t\t\t<\/dd>\n\t\t<\/dl>\n\t\t<dl>\n\t\t\t<dt>\n\t\t\t\t<p>Investigaci\u00f3n de la persona en cuesti\u00f3n\n\t\t\t\t<\/p>\n\t\t\t<\/dt>\n\t\t\t<dd>\n\t\t\t\t<p>Si un cliente desea consultar, corregir o eliminar sus datos personales, responderemos a su solicitud tras confirmar la identidad del cliente.\n\t\t\t\t<\/p>\n\t\t\t<\/dd>\n\t\t<\/dl>\n\t\t<dl>\n\t\t\t<dt>\n\t\t\t\t<p>Cumplimiento y revisi\u00f3n de leyes, reglamentos y normas\n\t\t\t\t<\/p>\n\t\t\t<\/dt>\n\t\t\t<dd>\n\t\t\t\t<p>La Empresa cumplir\u00e1 las leyes, reglamentos y otras normas japonesas aplicables a la informaci\u00f3n personal que posea y revisar\u00e1 y mejorar\u00e1 esta pol\u00edtica de vez en cuando.\n\t\t\t\t<\/p>\n\t\t\t<\/dd>\n\t\t<\/dl>\n\t\t<p><br \/>\nSi tiene alguna duda sobre el tratamiento de sus datos personales por parte de la Empresa, p\u00f3ngase en contacto con\n\t\t<\/p>\n\t\t<p>Treasure Tourism S.A.\n\t\t<\/p>\n\t<\/div>\n<\/div>\n<p><input class=\"wpcf7-form-control wpcf7-submit has-spinner\" type=\"submit\" value=\"Enviar\" \/>\n<\/p><div class=\"wpcf7-response-output\" aria-hidden=\"true\"><\/div>\n<input type=\"hidden\" name=\"trp-form-language\" value=\"es\"\/><\/form>\n<\/div>","protected":false},"excerpt":{"rendered":"","protected":false},"author":1,"featured_media":0,"parent":0,"menu_order":0,"comment_status":"closed","ping_status":"closed","template":"contact.php","meta":{"footnotes":""},"class_list":["post-30","page","type-page","status-publish","hentry"],"yoast_head":"<!-- This site is optimized with the Yoast SEO plugin v22.2 - https:\/\/yoast.com\/wordpress\/plugins\/seo\/ -->\n<title>contact - TREASURE TOURISM<\/title>\n<meta name=\"robots\" content=\"index, follow, max-snippet:-1, max-image-preview:large, max-video-preview:-1\" \/>\n<link rel=\"canonical\" href=\"https:\/\/treasure-tourism.com\/es\/contact\/\" \/>\n<meta property=\"og:locale\" content=\"es_ES\" \/>\n<meta property=\"og:type\" content=\"article\" \/>\n<meta property=\"og:title\" content=\"contact - TREASURE TOURISM\" \/>\n<meta property=\"og:url\" content=\"https:\/\/treasure-tourism.com\/es\/contact\/\" \/>\n<meta property=\"og:site_name\" content=\"TREASURE TOURISM\" \/>\n<meta property=\"article:modified_time\" content=\"2024-01-15T10:22:41+00:00\" \/>\n<meta name=\"twitter:card\" content=\"summary_large_image\" \/>\n<script type=\"application\/ld+json\" class=\"yoast-schema-graph\">{\"@context\":\"https:\/\/schema.org\",\"@graph\":[{\"@type\":\"WebPage\",\"@id\":\"https:\/\/treasure-tourism.com\/en\/contact\/\",\"url\":\"https:\/\/treasure-tourism.com\/en\/contact\/\",\"name\":\"contact - TREASURE TOURISM\",\"isPartOf\":{\"@id\":\"https:\/\/treasure-tourism.com\/#website\"},\"datePublished\":\"2024-01-15T10:21:59+00:00\",\"dateModified\":\"2024-01-15T10:22:41+00:00\",\"breadcrumb\":{\"@id\":\"https:\/\/treasure-tourism.com\/en\/contact\/#breadcrumb\"},\"inLanguage\":\"es-CR\",\"potentialAction\":[{\"@type\":\"ReadAction\",\"target\":[\"https:\/\/treasure-tourism.com\/en\/contact\/\"]}]},{\"@type\":\"BreadcrumbList\",\"@id\":\"https:\/\/treasure-tourism.com\/en\/contact\/#breadcrumb\",\"itemListElement\":[{\"@type\":\"ListItem\",\"position\":1,\"name\":\"\u30db\u30fc\u30e0\",\"item\":\"https:\/\/treasure-tourism.com\/\"},{\"@type\":\"ListItem\",\"position\":2,\"name\":\"contact\"}]},{\"@type\":\"WebSite\",\"@id\":\"https:\/\/treasure-tourism.com\/#website\",\"url\":\"https:\/\/treasure-tourism.com\/\",\"name\":\"TREASURE TOURISM\",\"description\":\"\",\"potentialAction\":[{\"@type\":\"SearchAction\",\"target\":{\"@type\":\"EntryPoint\",\"urlTemplate\":\"https:\/\/treasure-tourism.com\/?s={search_term_string}\"},\"query-input\":\"required name=search_term_string\"}],\"inLanguage\":\"es-CR\"}]}<\/script>\n<!-- \/ Yoast SEO plugin. -->","yoast_head_json":{"title":"contact - TREASURE TOURISM","robots":{"index":"index","follow":"follow","max-snippet":"max-snippet:-1","max-image-preview":"max-image-preview:large","max-video-preview":"max-video-preview:-1"},"canonical":"https:\/\/treasure-tourism.com\/es\/contact\/","og_locale":"es_ES","og_type":"article","og_title":"contact - TREASURE TOURISM","og_url":"https:\/\/treasure-tourism.com\/es\/contact\/","og_site_name":"TREASURE TOURISM","article_modified_time":"2024-01-15T10:22:41+00:00","twitter_card":"summary_large_image","schema":{"@context":"https:\/\/schema.org","@graph":[{"@type":"WebPage","@id":"https:\/\/treasure-tourism.com\/en\/contact\/","url":"https:\/\/treasure-tourism.com\/en\/contact\/","name":"contact - TREASURE TOURISM","isPartOf":{"@id":"https:\/\/treasure-tourism.com\/#website"},"datePublished":"2024-01-15T10:21:59+00:00","dateModified":"2024-01-15T10:22:41+00:00","breadcrumb":{"@id":"https:\/\/treasure-tourism.com\/en\/contact\/#breadcrumb"},"inLanguage":"es-CR","potentialAction":[{"@type":"ReadAction","target":["https:\/\/treasure-tourism.com\/en\/contact\/"]}]},{"@type":"BreadcrumbList","@id":"https:\/\/treasure-tourism.com\/en\/contact\/#breadcrumb","itemListElement":[{"@type":"ListItem","position":1,"name":"\u30db\u30fc\u30e0","item":"https:\/\/treasure-tourism.com\/"},{"@type":"ListItem","position":2,"name":"contact"}]},{"@type":"WebSite","@id":"https:\/\/treasure-tourism.com\/#website","url":"https:\/\/treasure-tourism.com\/","name":"TREASURE TOURISM","description":"","potentialAction":[{"@type":"SearchAction","target":{"@type":"EntryPoint","urlTemplate":"https:\/\/treasure-tourism.com\/?s={search_term_string}"},"query-input":"required name=search_term_string"}],"inLanguage":"es-CR"}]}},"_links":{"self":[{"href":"https:\/\/treasure-tourism.com\/es\/wp-json\/wp\/v2\/pages\/30","targetHints":{"allow":["GET"]}}],"collection":[{"href":"https:\/\/treasure-tourism.com\/es\/wp-json\/wp\/v2\/pages"}],"about":[{"href":"https:\/\/treasure-tourism.com\/es\/wp-json\/wp\/v2\/types\/page"}],"author":[{"embeddable":true,"href":"https:\/\/treasure-tourism.com\/es\/wp-json\/wp\/v2\/users\/1"}],"replies":[{"embeddable":true,"href":"https:\/\/treasure-tourism.com\/es\/wp-json\/wp\/v2\/comments?post=30"}],"version-history":[{"count":3,"href":"https:\/\/treasure-tourism.com\/es\/wp-json\/wp\/v2\/pages\/30\/revisions"}],"predecessor-version":[{"id":33,"href":"https:\/\/treasure-tourism.com\/es\/wp-json\/wp\/v2\/pages\/30\/revisions\/33"}],"wp:attachment":[{"href":"https:\/\/treasure-tourism.com\/es\/wp-json\/wp\/v2\/media?parent=30"}],"curies":[{"name":"wp","href":"https:\/\/api.w.org\/{rel}","templated":true}]}}