{"id":30,"date":"2024-01-15T10:21:59","date_gmt":"2024-01-15T10:21:59","guid":{"rendered":"https:\/\/treasure-tourism.com\/?page_id=30"},"modified":"2024-01-15T10:22:41","modified_gmt":"2024-01-15T10:22:41","slug":"contact","status":"publish","type":"page","link":"https:\/\/treasure-tourism.com\/pt\/contact\/","title":{"rendered":"contato"},"content":{"rendered":"<div class=\"wpcf7 no-js\" id=\"wpcf7-f26-o1\" lang=\"ja\" dir=\"ltr\">\n<div class=\"screen-reader-response\"><p role=\"status\" aria-live=\"polite\" aria-atomic=\"true\"><\/p> <ul><\/ul><\/div>\n<form action=\"\/pt\/wp-json\/wp\/v2\/pages\/30#wpcf7-f26-o1\" method=\"post\" class=\"wpcf7-form init\" aria-label=\"formul\u00e1rio de contato\" novalidate=\"novalidate\" data-status=\"init\" data-trp-original-action=\"\/pt\/wp-json\/wp\/v2\/pages\/30#wpcf7-f26-o1\">\n<div style=\"display: none;\">\n<input type=\"hidden\" name=\"_wpcf7\" value=\"26\" \/>\n<input type=\"hidden\" name=\"_wpcf7_version\" value=\"5.9.3\" \/>\n<input type=\"hidden\" name=\"_wpcf7_locale\" value=\"ja\" \/>\n<input type=\"hidden\" name=\"_wpcf7_unit_tag\" value=\"wpcf7-f26-o1\" \/>\n<input type=\"hidden\" name=\"_wpcf7_container_post\" value=\"0\" \/>\n<input type=\"hidden\" name=\"_wpcf7_posted_data_hash\" value=\"\" \/>\n<input type=\"hidden\" name=\"_wpcf7_recaptcha_response\" value=\"\" \/>\n<\/div>\n<p><label>Nome da empresa<br \/>\n<span class=\"wpcf7-form-control-wrap\" data-name=\"text-150\"><input size=\"40\" class=\"wpcf7-form-control wpcf7-text\" aria-invalid=\"false\" value=\"\" type=\"text\" name=\"text-150\" \/><\/span><\/label><br \/>\n<label>Nome<br \/>\n<span class=\"wpcf7-form-control-wrap\" data-name=\"your-name\"><input size=\"40\" class=\"wpcf7-form-control wpcf7-text wpcf7-validates-as-required\" autocomplete=\"name\" aria-required=\"true\" aria-invalid=\"false\" value=\"\" type=\"text\" name=\"your-name\" \/><\/span> <\/label>\n<\/p>\n<p><label>Endere\u00e7o de e-mail<br \/>\n<span class=\"wpcf7-form-control-wrap\" data-name=\"your-email\"><input size=\"40\" class=\"wpcf7-form-control wpcf7-email wpcf7-validates-as-required wpcf7-text wpcf7-validates-as-email\" autocomplete=\"email\" aria-required=\"true\" aria-invalid=\"false\" value=\"\" type=\"email\" name=\"your-email\" \/><\/span> <\/label>\n<\/p>\n<p><label>N\u00famero de telefone<br \/>\n<span class=\"wpcf7-form-control-wrap\" data-name=\"tel-850\"><input size=\"40\" class=\"wpcf7-form-control wpcf7-tel wpcf7-validates-as-required wpcf7-text wpcf7-validates-as-tel\" aria-required=\"true\" aria-invalid=\"false\" value=\"\" type=\"tel\" name=\"tel-850\" \/><\/span><\/label>\n<\/p>\n<p><label>Assunto<br \/>\n<span class=\"wpcf7-form-control-wrap\" data-name=\"your-subject\"><input size=\"40\" class=\"wpcf7-form-control wpcf7-text wpcf7-validates-as-required\" aria-required=\"true\" aria-invalid=\"false\" value=\"\" type=\"text\" name=\"your-subject\" \/><\/span> <\/label>\n<\/p>\n<p><label>Solicita\u00e7\u00e3o<br \/>\n<span class=\"wpcf7-form-control-wrap\" data-name=\"your-message\"><textarea cols=\"40\" rows=\"10\" class=\"wpcf7-form-control wpcf7-textarea\" aria-invalid=\"false\" name=\"your-message\"><\/textarea><\/span> <\/label>\n<\/p>\n<div class=\"privacy\">\n\t<h2>Pol\u00edtica de privacidade\n\t<\/h2>\n\t<div class=\"privacy_scroot_inner\">\n\t\t<div class=\"privacy_desc\">\n\t\t\t<p>A Treasure Tourism Ltd (doravante denominada \"a Empresa\") estabeleceu a seguinte pol\u00edtica de privacidade, criou um sistema para a prote\u00e7\u00e3o de informa\u00e7\u00f5es pessoais e promove a prote\u00e7\u00e3o de informa\u00e7\u00f5es pessoais, garantindo que a import\u00e2ncia da prote\u00e7\u00e3o de informa\u00e7\u00f5es pessoais seja reconhecida e abordada.\n\t\t\t<\/p>\n\t\t<\/div>\n\t\t<dl>\n\t\t\t<dt>\n\t\t\t\t<p>Gerenciamento de dados pessoais\n\t\t\t\t<\/p>\n\t\t\t<\/dt>\n\t\t\t<dd>\n\t\t\t\t<p>As informa\u00e7\u00f5es pessoais recebidas dos clientes ser\u00e3o usadas para enviar e-mails e materiais aos clientes a fim de entrar em contato com eles e responder \u00e0s suas perguntas e questionamentos comerciais. Proibi\u00e7\u00e3o de divulga\u00e7\u00e3o e fornecimento de informa\u00e7\u00f5es pessoais a terceiros<br \/>\nA Empresa gerenciar\u00e1 adequadamente as informa\u00e7\u00f5es pessoais recebidas dos clientes e n\u00e3o divulgar\u00e1 informa\u00e7\u00f5es pessoais a terceiros, exceto em um dos seguintes casos\n\t\t\t\t<\/p>\n\t\t\t<\/dd>\n\t\t<\/dl>\n\t\t<dl>\n\t\t\t<dt>\n\t\t\t\t<p>Medidas de seguran\u00e7a para dados pessoais\n\t\t\t\t<\/p>\n\t\t\t<\/dt>\n\t\t\t<dd>\n\t\t\t\t<p>A Empresa toma todas as medidas de seguran\u00e7a poss\u00edveis para garantir a precis\u00e3o e a seguran\u00e7a das informa\u00e7\u00f5es pessoais.\n\t\t\t\t<\/p>\n\t\t\t<\/dd>\n\t\t<\/dl>\n\t\t<dl>\n\t\t\t<dt>\n\t\t\t\t<p>Consulta \u00e0 pessoa em quest\u00e3o\n\t\t\t\t<\/p>\n\t\t\t<\/dt>\n\t\t\t<dd>\n\t\t\t\t<p>Se um cliente desejar consultar, corrigir ou excluir seus dados pessoais, responderemos \u00e0 solicita\u00e7\u00e3o ap\u00f3s confirmar a identidade do cliente.\n\t\t\t\t<\/p>\n\t\t\t<\/dd>\n\t\t<\/dl>\n\t\t<dl>\n\t\t\t<dt>\n\t\t\t\t<p>Conformidade e revis\u00e3o de leis, regulamentos e normas\n\t\t\t\t<\/p>\n\t\t\t<\/dt>\n\t\t\t<dd>\n\t\t\t\t<p>A Empresa cumprir\u00e1 as leis, os regulamentos e outras normas japonesas aplic\u00e1veis \u00e0s informa\u00e7\u00f5es pessoais que det\u00e9m e revisar\u00e1 e aprimorar\u00e1 esta pol\u00edtica periodicamente.\n\t\t\t\t<\/p>\n\t\t\t<\/dd>\n\t\t<\/dl>\n\t\t<p><br \/>\nEm caso de d\u00favidas sobre o manuseio de seus dados pessoais pela Empresa, entre em contato com\n\t\t<\/p>\n\t\t<p>Treasure Tourism Inc.\n\t\t<\/p>\n\t<\/div>\n<\/div>\n<p><input class=\"wpcf7-form-control wpcf7-submit has-spinner\" type=\"submit\" value=\"Enviar\" \/>\n<\/p><div class=\"wpcf7-response-output\" aria-hidden=\"true\"><\/div>\n<input type=\"hidden\" name=\"trp-form-language\" value=\"pt\"\/><\/form>\n<\/div>","protected":false},"excerpt":{"rendered":"","protected":false},"author":1,"featured_media":0,"parent":0,"menu_order":0,"comment_status":"closed","ping_status":"closed","template":"contact.php","meta":{"footnotes":""},"class_list":["post-30","page","type-page","status-publish","hentry"],"yoast_head":"<!-- This site is optimized with the Yoast SEO plugin v22.2 - https:\/\/yoast.com\/wordpress\/plugins\/seo\/ -->\n<title>contact - TREASURE TOURISM<\/title>\n<meta name=\"robots\" content=\"index, follow, max-snippet:-1, max-image-preview:large, max-video-preview:-1\" \/>\n<link rel=\"canonical\" href=\"https:\/\/treasure-tourism.com\/pt\/contact\/\" \/>\n<meta property=\"og:locale\" content=\"pt_BR\" \/>\n<meta property=\"og:type\" content=\"article\" \/>\n<meta property=\"og:title\" content=\"contact - TREASURE TOURISM\" \/>\n<meta property=\"og:url\" content=\"https:\/\/treasure-tourism.com\/pt\/contact\/\" \/>\n<meta property=\"og:site_name\" content=\"TREASURE TOURISM\" \/>\n<meta property=\"article:modified_time\" content=\"2024-01-15T10:22:41+00:00\" \/>\n<meta name=\"twitter:card\" content=\"summary_large_image\" \/>\n<script type=\"application\/ld+json\" class=\"yoast-schema-graph\">{\"@context\":\"https:\/\/schema.org\",\"@graph\":[{\"@type\":\"WebPage\",\"@id\":\"https:\/\/treasure-tourism.com\/en\/contact\/\",\"url\":\"https:\/\/treasure-tourism.com\/en\/contact\/\",\"name\":\"contact - TREASURE TOURISM\",\"isPartOf\":{\"@id\":\"https:\/\/treasure-tourism.com\/#website\"},\"datePublished\":\"2024-01-15T10:21:59+00:00\",\"dateModified\":\"2024-01-15T10:22:41+00:00\",\"breadcrumb\":{\"@id\":\"https:\/\/treasure-tourism.com\/en\/contact\/#breadcrumb\"},\"inLanguage\":\"pt-BR\",\"potentialAction\":[{\"@type\":\"ReadAction\",\"target\":[\"https:\/\/treasure-tourism.com\/en\/contact\/\"]}]},{\"@type\":\"BreadcrumbList\",\"@id\":\"https:\/\/treasure-tourism.com\/en\/contact\/#breadcrumb\",\"itemListElement\":[{\"@type\":\"ListItem\",\"position\":1,\"name\":\"\u30db\u30fc\u30e0\",\"item\":\"https:\/\/treasure-tourism.com\/\"},{\"@type\":\"ListItem\",\"position\":2,\"name\":\"contact\"}]},{\"@type\":\"WebSite\",\"@id\":\"https:\/\/treasure-tourism.com\/#website\",\"url\":\"https:\/\/treasure-tourism.com\/\",\"name\":\"TREASURE TOURISM\",\"description\":\"\",\"potentialAction\":[{\"@type\":\"SearchAction\",\"target\":{\"@type\":\"EntryPoint\",\"urlTemplate\":\"https:\/\/treasure-tourism.com\/?s={search_term_string}\"},\"query-input\":\"required name=search_term_string\"}],\"inLanguage\":\"pt-BR\"}]}<\/script>\n<!-- \/ Yoast SEO plugin. -->","yoast_head_json":{"title":"contact - TREASURE TOURISM","robots":{"index":"index","follow":"follow","max-snippet":"max-snippet:-1","max-image-preview":"max-image-preview:large","max-video-preview":"max-video-preview:-1"},"canonical":"https:\/\/treasure-tourism.com\/pt\/contact\/","og_locale":"pt_BR","og_type":"article","og_title":"contact - TREASURE TOURISM","og_url":"https:\/\/treasure-tourism.com\/pt\/contact\/","og_site_name":"TREASURE TOURISM","article_modified_time":"2024-01-15T10:22:41+00:00","twitter_card":"summary_large_image","schema":{"@context":"https:\/\/schema.org","@graph":[{"@type":"WebPage","@id":"https:\/\/treasure-tourism.com\/en\/contact\/","url":"https:\/\/treasure-tourism.com\/en\/contact\/","name":"contact - TREASURE TOURISM","isPartOf":{"@id":"https:\/\/treasure-tourism.com\/#website"},"datePublished":"2024-01-15T10:21:59+00:00","dateModified":"2024-01-15T10:22:41+00:00","breadcrumb":{"@id":"https:\/\/treasure-tourism.com\/en\/contact\/#breadcrumb"},"inLanguage":"pt-BR","potentialAction":[{"@type":"ReadAction","target":["https:\/\/treasure-tourism.com\/en\/contact\/"]}]},{"@type":"BreadcrumbList","@id":"https:\/\/treasure-tourism.com\/en\/contact\/#breadcrumb","itemListElement":[{"@type":"ListItem","position":1,"name":"\u30db\u30fc\u30e0","item":"https:\/\/treasure-tourism.com\/"},{"@type":"ListItem","position":2,"name":"contact"}]},{"@type":"WebSite","@id":"https:\/\/treasure-tourism.com\/#website","url":"https:\/\/treasure-tourism.com\/","name":"TREASURE TOURISM","description":"","potentialAction":[{"@type":"SearchAction","target":{"@type":"EntryPoint","urlTemplate":"https:\/\/treasure-tourism.com\/?s={search_term_string}"},"query-input":"required name=search_term_string"}],"inLanguage":"pt-BR"}]}},"_links":{"self":[{"href":"https:\/\/treasure-tourism.com\/pt\/wp-json\/wp\/v2\/pages\/30","targetHints":{"allow":["GET"]}}],"collection":[{"href":"https:\/\/treasure-tourism.com\/pt\/wp-json\/wp\/v2\/pages"}],"about":[{"href":"https:\/\/treasure-tourism.com\/pt\/wp-json\/wp\/v2\/types\/page"}],"author":[{"embeddable":true,"href":"https:\/\/treasure-tourism.com\/pt\/wp-json\/wp\/v2\/users\/1"}],"replies":[{"embeddable":true,"href":"https:\/\/treasure-tourism.com\/pt\/wp-json\/wp\/v2\/comments?post=30"}],"version-history":[{"count":3,"href":"https:\/\/treasure-tourism.com\/pt\/wp-json\/wp\/v2\/pages\/30\/revisions"}],"predecessor-version":[{"id":33,"href":"https:\/\/treasure-tourism.com\/pt\/wp-json\/wp\/v2\/pages\/30\/revisions\/33"}],"wp:attachment":[{"href":"https:\/\/treasure-tourism.com\/pt\/wp-json\/wp\/v2\/media?parent=30"}],"curies":[{"name":"wp","href":"https:\/\/api.w.org\/{rel}","templated":true}]}}